{"id":8,"date":"2020-05-11T19:55:30","date_gmt":"2020-05-11T17:55:30","guid":{"rendered":"http:\/\/barenbol.com\/?page_id=8"},"modified":"2026-04-29T19:56:09","modified_gmt":"2026-04-29T17:56:09","slug":"carte","status":"publish","type":"page","link":"https:\/\/barenbol.com\/","title":{"rendered":"JEUDI 30 AVRIL 2026"},"content":{"rendered":"\n<h2 class=\"wp-block-heading\">PLAT MAISON DU JOUR 12.90\u20ac<\/h2>\n\n\n\n<p>Salade Caesar : Filet de poulet bzh marin\u00e9 aux herbes maison, cajou, cro\u00fbtons maison au jus de poulet bzh, parmesan bio, tomates cerises, salade vari\u00e9e fra\u00eeche, sauce Caesar maison, vinaigrette maison \u00e0 l&rsquo;huile d&rsquo;olive bio et balsamique&#8230;<\/p>\n\n\n\n<p>Il reste des bolognaises aux deux viandes (b\u0153uf meat couture et guanciale), carottes, c\u00e9leri, tomates, origan, oignons, fusillis De cecco, parmesan bio&#8230;ATTENTION !!!Pour les bolognaises c&rsquo;est \u00ab\u00a0tout \u00e0 10 balles ou j&rsquo;remballe \u00ab\u00a0!\ud83d\ude0a<\/p>\n\n\n\n<h2 class=\"wp-block-heading\">SOUPES  \ud83c\udfe0 3.9\u20ac\/6.5\u20ac , 25 ou 50 cl<\/h2>\n\n\n\n<p>Soupe froide de concombre, avocat, menthe , citron, fromage frais&#8230;<\/p>\n\n\n\n<p>Il reste des soupes de l\u00e9gumes du soleil aux herbes ( aubergines, tomates, poivrons, courgettes,oignons rouges&#8230;)<\/p>\n\n\n\n<h2 class=\"wp-block-heading\">SANDWICH MAISON 6.9 \u20ac<\/h2>\n\n\n\n<p>Rillettes de thon maison aux herbes fra\u00eeches et citron press\u00e9 ,oeufs durs bio, tomates&#8230;<\/p>\n\n\n\n<p>(le tout dans une demi baguette de chez mlle chou \u00e0 Brest ).<\/p>\n\n\n\n<p>FORMULE SANDWICH : 1 SANDWICH + 1 BOISSON + 1 DESSERT = 11 \u20ac<\/p>\n\n\n\n<h2 class=\"wp-block-heading\">CRUDIT\u00c9 MAISON 3.9 \u20ac<\/h2>\n\n\n\n<p>Carottes r\u00e2p\u00e9es, citron press\u00e9, menthe, cumin,  s\u00e9same grill\u00e9, huile d&rsquo;olive bio&#8230;<\/p>\n\n\n\n<h2 class=\"wp-block-heading\">PETITE SALADE DE POIS CHICHES MAISON 6\u20ac<\/h2>\n\n\n\n<p>Au poulet bzh marin\u00e9 aux \u00e9pices douces, concombres, tomates, f\u00eata, citron press\u00e9, oignons rouges&#8230;<\/p>\n\n\n\n<h2 class=\"wp-block-heading\">FROMAGES BLANCS MAISON 2.7\u20ac<\/h2>\n\n\n\n<p>\u00c0 la gel\u00e9e de groseilles du jardin maison. <\/p>\n\n\n\n<p>\u00c0 la confiture de Reine Claude maison. <\/p>\n\n\n\n<p>Au sirop d&rsquo;\u00e9rable bio artisanal. <\/p>\n\n\n\n<h2 class=\"wp-block-heading\">FAIRY CAKE MAISON 2.9\u20ac<\/h2>\n\n\n\n<p>Chocolat et p\u00e2te de pistaches.  <\/p>\n\n\n\n<div class=\"wp-block-cover is-light\" style=\"min-height:50px;aspect-ratio:unset;\"><span aria-hidden=\"true\" class=\"wp-block-cover__background has-background-dim\"><\/span><img loading=\"lazy\" decoding=\"async\" width=\"1536\" height=\"2048\" class=\"wp-block-cover__image-background wp-image-30\" alt=\"\" src=\"http:\/\/barenbol.com\/wp-content\/uploads\/2020\/05\/65120196_10156200202582233_608295273239674880_o.jpg\" style=\"object-position:59% 44%\" data-object-fit=\"cover\" data-object-position=\"59% 44%\" srcset=\"https:\/\/barenbol.com\/wp-content\/uploads\/2020\/05\/65120196_10156200202582233_608295273239674880_o.jpg 1536w, https:\/\/barenbol.com\/wp-content\/uploads\/2020\/05\/65120196_10156200202582233_608295273239674880_o-225x300.jpg 225w, https:\/\/barenbol.com\/wp-content\/uploads\/2020\/05\/65120196_10156200202582233_608295273239674880_o-768x1024.jpg 768w, https:\/\/barenbol.com\/wp-content\/uploads\/2020\/05\/65120196_10156200202582233_608295273239674880_o-1152x1536.jpg 1152w\" sizes=\"(max-width: 1536px) 100vw, 1536px\" \/><div class=\"wp-block-cover__inner-container is-layout-flow wp-block-cover-is-layout-flow\">\n<p class=\"has-text-align-center has-large-font-size\">PENSEZ \u00c0 R\u00c9SERVER AVANT 11H30 !<\/p>\n<\/div><\/div>\n\n\n\n<hr class=\"wp-block-separator has-css-opacity\"\/>\n\n\n\n<h2 class=\"wp-block-heading\">PLATS MAISON DE CETTE SEMAINE :<\/h2>\n\n\n\n<p>Lundi : Rougail saucisse (saucisses de la maison Marc \u00e0 Brest) riz tha\u00ef Oiseaux C\u00e9lestes&#8230;<\/p>\n\n\n\n<p>Mardi :Bowl \u00e0 l&rsquo;orientale maison au poulet bzh, houmous maison, bl\u00e9 orge \u00e9peautre&#8230;<\/p>\n\n\n\n<p>Mercredi : Bolognaise maison (b\u0153uf meat couture et guanciale) et fusillis De cecco. <\/p>\n\n\n\n<p>Jeudi : Salade Caesar maison (filet de poulet bzh, cro\u00fbtons maison, parmesan bio, cajou&#8230;)<\/p>\n\n\n\n<p>Vendredi :<\/p>\n\n\n\n<div class=\"wp-block-wpzoom-blocks-social-icons is-style-with-canvas-round\" style=\"--wpz-social-icons-block-item-font-size:18px;--wpz-social-icons-block-item-padding-horizontal:6px;--wpz-social-icons-block-item-padding-vertical:6px;--wpz-social-icons-block-item-margin-horizontal:5px;--wpz-social-icons-block-item-margin-vertical:5px;--wpz-social-icons-block-item-border-radius:50px;--wpz-social-icons-block-label-font-size:16px;--wpz-social-icons-block-label-color:#2e3131;--wpz-social-icons-block-label-color-hover:#2e3131;--wpz-social-icons-alignment:flex-start\"><a href=\"https:\/\/www.facebook.com\/share\/1CGeM1sRWw\/\" class=\"social-icon-link\" title=\"Facebook\" style=\"--wpz-social-icons-block-item-color:#0866FF;--wpz-social-icons-block-item-color-hover:#0866FF\"><span class=\"social-icon socicon socicon-facebook\"><\/span><\/a><a href=\"https:\/\/www.instagram.com\/barenbol?igsh=MWUyMGgwbjZleTZx\" class=\"social-icon-link\" title=\"Instagram\" style=\"--wpz-social-icons-block-item-color:#E4405F;--wpz-social-icons-block-item-color-hover:#E4405F\"><span class=\"social-icon socicon socicon-instagram\"><\/span><\/a><\/div>\n","protected":false},"excerpt":{"rendered":"<p>PLAT MAISON DU JOUR 12.90\u20ac Salade Caesar : Filet de poulet bzh marin\u00e9 aux herbes maison, cajou, cro\u00fbtons maison au jus de poulet bzh, parmesan bio, tomates cerises, salade vari\u00e9e fra\u00eeche, sauce Caesar maison, vinaigrette maison \u00e0 l&rsquo;huile d&rsquo;olive bio et balsamique&#8230; Il reste des bolognaises aux deux viandes (b\u0153uf meat couture et guanciale), carottes, [&hellip;]<\/p>\n","protected":false},"author":1,"featured_media":0,"parent":0,"menu_order":0,"comment_status":"closed","ping_status":"closed","template":"page-templates\/full-width.php","meta":{"footnotes":""},"_links":{"self":[{"href":"https:\/\/barenbol.com\/index.php\/wp-json\/wp\/v2\/pages\/8"}],"collection":[{"href":"https:\/\/barenbol.com\/index.php\/wp-json\/wp\/v2\/pages"}],"about":[{"href":"https:\/\/barenbol.com\/index.php\/wp-json\/wp\/v2\/types\/page"}],"author":[{"embeddable":true,"href":"https:\/\/barenbol.com\/index.php\/wp-json\/wp\/v2\/users\/1"}],"replies":[{"embeddable":true,"href":"https:\/\/barenbol.com\/index.php\/wp-json\/wp\/v2\/comments?post=8"}],"version-history":[{"count":2276,"href":"https:\/\/barenbol.com\/index.php\/wp-json\/wp\/v2\/pages\/8\/revisions"}],"predecessor-version":[{"id":4446,"href":"https:\/\/barenbol.com\/index.php\/wp-json\/wp\/v2\/pages\/8\/revisions\/4446"}],"wp:attachment":[{"href":"https:\/\/barenbol.com\/index.php\/wp-json\/wp\/v2\/media?parent=8"}],"curies":[{"name":"wp","href":"https:\/\/api.w.org\/{rel}","templated":true}]}}